{"id":10,"date":"2014-07-08T02:16:10","date_gmt":"2014-07-08T01:16:10","guid":{"rendered":"http:\/\/www.autojeraby.com\/?page_id=10"},"modified":"2019-08-29T14:57:40","modified_gmt":"2019-08-29T13:57:40","slug":"kontakt","status":"publish","type":"page","link":"http:\/\/www.autojeraby.com\/","title":{"rendered":"Kontakt"},"content":{"rendered":"<p><span style=\"color: #ff0000;\"><strong>S\u00eddlo spole\u010dnosti a faktura\u010dn\u00ed adresa:<\/strong><\/span><\/p>\n<p>AUTOJE\u0158\u00c1BY PRAHA s.r.o.<br \/>\nTatarkova 727<br \/>\n149 00 Praha 4 &#8211; H\u00e1je<\/p>\n<p>I\u010c: 629 150 02<br \/>\nDI\u010c: CZ 629 150 02<\/p>\n<p><span style=\"color: #ff0000;\"><strong>Kancel\u00e1\u0159 spole\u010dnosti, zas\u00edlac\u00ed adresa a stanovi\u0161t\u011b autoje\u0159\u00e1b\u016f:<\/strong><\/span><\/p>\n<p>V\u00edde\u0148sk\u00e1 619\/142<br \/>\n148 00 Praha 4 &#8211; Kunratice<\/p>\n<p style=\"text-align: left;\"><span style=\"color: #ff0000;\"><strong>Kontaktn\u00ed telefony:\u00a0<\/strong><\/span><\/p>\n<ol>\n<li style=\"text-align: left;\">objedn\u00e1vky je\u0159\u00e1bov\u00fdch prac\u00ed: <strong>+420 602 349 918<\/strong><\/li>\n<li style=\"text-align: left;\">pro fakturaci a objedn\u00e1vky je\u0159\u00e1bov\u00fdch prac\u00ed: <strong>+420 737 905 870<\/strong><\/li>\n<\/ol>\n<p style=\"text-align: left;\">\n<strong><span style=\"color: #ff0000;\">E-mail:<\/span> <\/strong>ckd.jeraby@seznam.cz nebo info@autojeraby.com<\/p>\n<p style=\"text-align: left;\">\n<p><span style=\"color: #ff0000;\"><strong>Kontaktn\u00ed formul\u00e1\u0159:<\/strong><\/span><\/p>\n<div role=\"form\" class=\"wpcf7\" id=\"wpcf7-f630-o1\" lang=\"cs-CZ\" dir=\"ltr\">\n<div class=\"screen-reader-response\"><\/div>\n<form action=\"\/index.php?rest_route=%2Fwp%2Fv2%2Fpages%2F10#wpcf7-f630-o1\" method=\"post\" class=\"wpcf7-form\" novalidate=\"novalidate\">\n<div style=\"display: none;\">\n<input type=\"hidden\" name=\"_wpcf7\" value=\"630\" \/>\n<input type=\"hidden\" name=\"_wpcf7_version\" value=\"5.1.4\" \/>\n<input type=\"hidden\" name=\"_wpcf7_locale\" value=\"cs_CZ\" \/>\n<input type=\"hidden\" name=\"_wpcf7_unit_tag\" value=\"wpcf7-f630-o1\" \/>\n<input type=\"hidden\" name=\"_wpcf7_container_post\" value=\"0\" \/>\n<\/div>\n<p><label> Va\u0161e jm\u00e9no (vy\u017eadov\u00e1no)<br \/>\n    <span class=\"wpcf7-form-control-wrap your-name\"><input type=\"text\" name=\"your-name\" value=\"\" size=\"40\" class=\"wpcf7-form-control wpcf7-text wpcf7-validates-as-required\" aria-required=\"true\" aria-invalid=\"false\" \/><\/span> <\/label><\/p>\n<p><label> Firma<br \/>\n    <span class=\"wpcf7-form-control-wrap your-company\"><input type=\"text\" name=\"your-company\" value=\"\" size=\"40\" class=\"wpcf7-form-control wpcf7-text\" aria-invalid=\"false\" \/><\/span> <\/label><\/p>\n<p><label> V\u00e1\u0161 e-mail (vy\u017eadov\u00e1no)<br \/>\n    <span class=\"wpcf7-form-control-wrap your-email\"><input type=\"email\" name=\"your-email\" value=\"\" size=\"40\" class=\"wpcf7-form-control wpcf7-text wpcf7-email wpcf7-validates-as-required wpcf7-validates-as-email\" aria-required=\"true\" aria-invalid=\"false\" \/><\/span> <\/label><\/p>\n<p><label> P\u0159edm\u011bt (vy\u017eadov\u00e1no)<br \/>\n    <span class=\"wpcf7-form-control-wrap your-subject\"><input type=\"text\" name=\"your-subject\" value=\"\" size=\"40\" class=\"wpcf7-form-control wpcf7-text wpcf7-validates-as-required\" aria-required=\"true\" aria-invalid=\"false\" \/><\/span> <\/label><\/p>\n<p><label> Zpr\u00e1va (vy\u017eadov\u00e1no)<br \/>\n    <span class=\"wpcf7-form-control-wrap your-message\"><textarea name=\"your-message\" cols=\"40\" rows=\"10\" class=\"wpcf7-form-control wpcf7-textarea wpcf7-validates-as-required\" aria-required=\"true\" aria-invalid=\"false\"><\/textarea><\/span> <\/label><\/p>\n<p><input type=\"submit\" value=\"Odeslat\" class=\"wpcf7-form-control wpcf7-submit\" \/><\/p>\n<p style=\"display: none !important;\"><label>&#916;<textarea name=\"_wpcf7_ak_hp_textarea\" cols=\"45\" rows=\"8\" maxlength=\"100\"><\/textarea><\/label><input type=\"hidden\" id=\"ak_js_1\" name=\"_wpcf7_ak_js\" value=\"233\"\/><script>document.getElementById( \"ak_js_1\" ).setAttribute( \"value\", ( new Date() ).getTime() );<\/script><\/p><div class=\"wpcf7-response-output wpcf7-display-none\"><\/div><\/form><\/div>\n<p><span style=\"color: #ff0000;\"><strong>GPS sou\u0159adnice na\u0161\u00ed kancel\u00e1\u0159e:<\/strong><\/span><\/p>\n<p>50\u00b0 00&#8217;25.8&#8243;N 14\u00b028&#8217;45.6&#8243;E<\/p>\n<p><iframe loading=\"lazy\" src=\"https:\/\/maps.google.com\/maps?f=q&amp;source=s_q&amp;hl=en&amp;geocode=&amp;q=N50%C2%B0+0.43%E2%80%B2,+E14%C2%B0+28.76%E2%80%B2&amp;aq=&amp;sll=37.0625,-95.677068&amp;sspn=51.310143,96.943359&amp;t=h&amp;ie=UTF8&amp;z=14&amp;ll=50.007167,14.479333&amp;output=embed\" width=\"425\" height=\"350\" frameborder=\"0\" marginwidth=\"0\" marginheight=\"0\" scrolling=\"no\"><\/iframe><br \/>\n<small><a style=\"color: #0000ff; text-align: left;\" href=\"https:\/\/maps.google.com\/maps?f=q&amp;source=embed&amp;hl=en&amp;geocode=&amp;q=N50%C2%B0+0.43%E2%80%B2,+E14%C2%B0+28.76%E2%80%B2&amp;aq=&amp;sll=37.0625,-95.677068&amp;sspn=51.310143,96.943359&amp;t=h&amp;ie=UTF8&amp;z=14&amp;ll=50.007167,14.479333\">Zobraz v\u011bt\u0161\u00ed mapu<\/a><\/small><\/p>\n","protected":false},"excerpt":{"rendered":"<p>S\u00eddlo spole\u010dnosti a faktura\u010dn\u00ed adresa: AUTOJE\u0158\u00c1BY PRAHA s.r.o. Tatarkova 727 149 00 Praha 4 &#8211; H\u00e1je I\u010c: 629 150 02 DI\u010c: CZ 629 150 02&#8230;<\/p>\n","protected":false},"author":1,"featured_media":0,"parent":0,"menu_order":0,"comment_status":"closed","ping_status":"closed","template":"","meta":[],"_links":{"self":[{"href":"http:\/\/www.autojeraby.com\/index.php?rest_route=\/wp\/v2\/pages\/10"}],"collection":[{"href":"http:\/\/www.autojeraby.com\/index.php?rest_route=\/wp\/v2\/pages"}],"about":[{"href":"http:\/\/www.autojeraby.com\/index.php?rest_route=\/wp\/v2\/types\/page"}],"author":[{"embeddable":true,"href":"http:\/\/www.autojeraby.com\/index.php?rest_route=\/wp\/v2\/users\/1"}],"replies":[{"embeddable":true,"href":"http:\/\/www.autojeraby.com\/index.php?rest_route=%2Fwp%2Fv2%2Fcomments&post=10"}],"version-history":[{"count":44,"href":"http:\/\/www.autojeraby.com\/index.php?rest_route=\/wp\/v2\/pages\/10\/revisions"}],"predecessor-version":[{"id":653,"href":"http:\/\/www.autojeraby.com\/index.php?rest_route=\/wp\/v2\/pages\/10\/revisions\/653"}],"wp:attachment":[{"href":"http:\/\/www.autojeraby.com\/index.php?rest_route=%2Fwp%2Fv2%2Fmedia&parent=10"}],"curies":[{"name":"wp","href":"https:\/\/api.w.org\/{rel}","templated":true}]}}