{"id":563,"date":"2015-11-06T08:01:13","date_gmt":"2015-11-06T07:01:13","guid":{"rendered":"http:\/\/www.autojeraby.com\/?page_id=563"},"modified":"2021-11-27T21:51:05","modified_gmt":"2021-11-27T20:51:05","slug":"doporucujeme","status":"publish","type":"page","link":"http:\/\/www.autojeraby.com\/?page_id=563","title":{"rendered":"Odkazy"},"content":{"rendered":"<pre><a href=\"http:\/\/www.skolenirevize.cz\" target=\"_blank\" rel=\"noopener noreferrer\"><span style=\"color: #000000;\">www.skolenirevize.cz\n<\/span><\/a><strong>Jan Hlavat\u00fd<\/strong> \u2013 revize zdvihac\u00edch za\u0159\u00edzen\u00ed a \u0161kolen\u00ed obsluhy\n\n<\/pre>\n","protected":false},"excerpt":{"rendered":"<p>www.skolenirevize.cz Jan Hlavat\u00fd \u2013 revize zdvihac\u00edch za\u0159\u00edzen\u00ed a \u0161kolen\u00ed obsluhy<\/p>\n","protected":false},"author":3,"featured_media":0,"parent":0,"menu_order":0,"comment_status":"closed","ping_status":"closed","template":"","meta":[],"_links":{"self":[{"href":"http:\/\/www.autojeraby.com\/index.php?rest_route=\/wp\/v2\/pages\/563"}],"collection":[{"href":"http:\/\/www.autojeraby.com\/index.php?rest_route=\/wp\/v2\/pages"}],"about":[{"href":"http:\/\/www.autojeraby.com\/index.php?rest_route=\/wp\/v2\/types\/page"}],"author":[{"embeddable":true,"href":"http:\/\/www.autojeraby.com\/index.php?rest_route=\/wp\/v2\/users\/3"}],"replies":[{"embeddable":true,"href":"http:\/\/www.autojeraby.com\/index.php?rest_route=%2Fwp%2Fv2%2Fcomments&post=563"}],"version-history":[{"count":10,"href":"http:\/\/www.autojeraby.com\/index.php?rest_route=\/wp\/v2\/pages\/563\/revisions"}],"predecessor-version":[{"id":713,"href":"http:\/\/www.autojeraby.com\/index.php?rest_route=\/wp\/v2\/pages\/563\/revisions\/713"}],"wp:attachment":[{"href":"http:\/\/www.autojeraby.com\/index.php?rest_route=%2Fwp%2Fv2%2Fmedia&parent=563"}],"curies":[{"name":"wp","href":"https:\/\/api.w.org\/{rel}","templated":true}]}}