{"id":8,"date":"2014-07-08T02:15:44","date_gmt":"2014-07-08T01:15:44","guid":{"rendered":"http:\/\/www.autojeraby.com\/?page_id=8"},"modified":"2018-02-06T15:21:47","modified_gmt":"2018-02-06T14:21:47","slug":"o-nas","status":"publish","type":"page","link":"http:\/\/www.autojeraby.com\/?page_id=8","title":{"rendered":"O n\u00e1s"},"content":{"rendered":"<p>Na\u0161e spole\u010dnost se ji\u017e n\u011bkolik let v\u011bnuje je\u0159\u00e1bnick\u00fdm pracem se zku\u0161enou a odborn\u011b pro\u0161kolenou obsluhou.<\/p>\n<p>V sou\u010dasnosti\u00a0disponujeme\u00a0autoje\u0159\u00e1by zna\u010dky<span style=\"color: #ff0000;\"> LIEBHERR<\/span> s nosnost\u00ed do <span style=\"color: #ff0000;\">70 tun.<\/span><\/p>\n<p>Je\u0159\u00e1bnick\u00e9 pr\u00e1ce jsou prov\u00e1d\u011bny p\u0159edev\u0161\u00edm v Praze, a St\u0159edo\u010desk\u00e9m kraji, po domluv\u011b jsme v\u0161ak schopni autoje\u0159\u00e1b pronajmout po cel\u00e9 \u010cesk\u00e9 republice.<\/p>\n<p>Autoje\u0159\u00e1by je mo\u017en\u00e9 vyu\u017e\u00edvat jak na kr\u00e1tkodob\u00e9 pr\u00e1ce, tak na dlouhodob\u00e9.<\/p>\n<p>&nbsp;<\/p>\n<p>T\u011b\u0161\u00edme se na spolupr\u00e1ci s V\u00e1mi!<\/p>\n<p><span style=\"color: #ff0000;\">Autoje\u0159\u00e1by Praha s. r. o.<\/span><\/p>\n","protected":false},"excerpt":{"rendered":"<p>Na\u0161e spole\u010dnost se ji\u017e n\u011bkolik let v\u011bnuje je\u0159\u00e1bnick\u00fdm pracem se zku\u0161enou a odborn\u011b pro\u0161kolenou obsluhou. V sou\u010dasnosti\u00a0disponujeme\u00a0autoje\u0159\u00e1by zna\u010dky LIEBHERR s nosnost\u00ed do 70 tun. Je\u0159\u00e1bnick\u00e9&#8230;<\/p>\n","protected":false},"author":1,"featured_media":0,"parent":0,"menu_order":0,"comment_status":"closed","ping_status":"closed","template":"","meta":[],"_links":{"self":[{"href":"http:\/\/www.autojeraby.com\/index.php?rest_route=\/wp\/v2\/pages\/8"}],"collection":[{"href":"http:\/\/www.autojeraby.com\/index.php?rest_route=\/wp\/v2\/pages"}],"about":[{"href":"http:\/\/www.autojeraby.com\/index.php?rest_route=\/wp\/v2\/types\/page"}],"author":[{"embeddable":true,"href":"http:\/\/www.autojeraby.com\/index.php?rest_route=\/wp\/v2\/users\/1"}],"replies":[{"embeddable":true,"href":"http:\/\/www.autojeraby.com\/index.php?rest_route=%2Fwp%2Fv2%2Fcomments&post=8"}],"version-history":[{"count":11,"href":"http:\/\/www.autojeraby.com\/index.php?rest_route=\/wp\/v2\/pages\/8\/revisions"}],"predecessor-version":[{"id":626,"href":"http:\/\/www.autojeraby.com\/index.php?rest_route=\/wp\/v2\/pages\/8\/revisions\/626"}],"wp:attachment":[{"href":"http:\/\/www.autojeraby.com\/index.php?rest_route=%2Fwp%2Fv2%2Fmedia&parent=8"}],"curies":[{"name":"wp","href":"https:\/\/api.w.org\/{rel}","templated":true}]}}